{"id":13,"date":"2024-03-15T17:15:44","date_gmt":"2024-03-15T17:15:44","guid":{"rendered":"https:\/\/kabasta-office.ch\/?page_id=13"},"modified":"2024-04-23T20:00:44","modified_gmt":"2024-04-23T20:00:44","slug":"ueber-mich","status":"publish","type":"page","link":"https:\/\/kabasta-office.ch\/sk\/ueber-mich\/","title":{"rendered":"O mne"},"content":{"rendered":"<div data-elementor-type=\"wp-page\" data-elementor-id=\"13\" class=\"elementor elementor-13\" data-elementor-post-type=\"page\">\n\t\t\t\t<div class=\"elementor-element elementor-element-de6abed e-flex e-con-boxed e-con e-parent\" data-id=\"de6abed\" data-element_type=\"container\" data-e-type=\"container\">\n\t\t\t\t\t<div class=\"e-con-inner\">\n\t\t<div class=\"elementor-element elementor-element-cb697a2 e-con-full e-flex e-con e-child\" data-id=\"cb697a2\" data-element_type=\"container\" data-e-type=\"container\" data-settings=\"{&quot;background_background&quot;:&quot;classic&quot;}\">\n\t\t\t\t<div class=\"elementor-element elementor-element-736c73f elementor-widget__width-initial elementor-widget-laptop__width-initial elementor-invisible elementor-widget elementor-widget-heading\" data-id=\"736c73f\" data-element_type=\"widget\" data-e-type=\"widget\" data-settings=\"{&quot;_animation&quot;:&quot;fadeInUp&quot;,&quot;_animation_laptop&quot;:&quot;fadeInUp&quot;,&quot;_animation_delay&quot;:100}\" data-widget_type=\"heading.default\">\n\t\t\t\t<div class=\"elementor-widget-container\">\n\t\t\t\t\t<h2 class=\"elementor-heading-title elementor-size-default\">O mne<\/h2>\t\t\t\t<\/div>\n\t\t\t\t<\/div>\n\t\t\t\t<\/div>\n\t\t\t\t\t<\/div>\n\t\t\t\t<\/div>\n\t\t<div class=\"elementor-element elementor-element-7653195 e-flex e-con-boxed e-con e-parent\" data-id=\"7653195\" data-element_type=\"container\" data-e-type=\"container\" data-settings=\"{&quot;background_background&quot;:&quot;classic&quot;}\">\n\t\t\t\t\t<div class=\"e-con-inner\">\n\t\t<div class=\"elementor-element elementor-element-f8a1634 e-con-full e-flex e-con e-child\" data-id=\"f8a1634\" data-element_type=\"container\" data-e-type=\"container\" data-settings=\"{&quot;background_background&quot;:&quot;classic&quot;}\">\n\t\t<div class=\"elementor-element elementor-element-ba69466 e-con-full e-flex e-con e-child\" data-id=\"ba69466\" data-element_type=\"container\" data-e-type=\"container\">\n\t\t\t\t<div class=\"elementor-element elementor-element-571cc82 elementor-widget__width-initial elementor-invisible elementor-widget elementor-widget-heading\" data-id=\"571cc82\" data-element_type=\"widget\" data-e-type=\"widget\" data-settings=\"{&quot;_animation&quot;:&quot;fadeInLeft&quot;}\" data-widget_type=\"heading.default\">\n\t\t\t\t<div class=\"elementor-widget-container\">\n\t\t\t\t\t<h2 class=\"elementor-heading-title elementor-size-default\">O mne<\/h2>\t\t\t\t<\/div>\n\t\t\t\t<\/div>\n\t\t\t\t<div class=\"elementor-element elementor-element-c8b5651 elementor-invisible elementor-widget elementor-widget-heading\" data-id=\"c8b5651\" data-element_type=\"widget\" data-e-type=\"widget\" data-settings=\"{&quot;_animation&quot;:&quot;fadeInLeft&quot;}\" data-widget_type=\"heading.default\">\n\t\t\t\t<div class=\"elementor-widget-container\">\n\t\t\t\t\t<h2 class=\"elementor-heading-title elementor-size-default\">H\u013ead\u00e1te spo\u013eahliv\u00e9ho partnera? Potom ste na spr\u00e1vnom mieste.<\/h2>\t\t\t\t<\/div>\n\t\t\t\t<\/div>\n\t\t\t\t<div class=\"elementor-element elementor-element-2c51e4b elementor-widget__width-initial elementor-invisible elementor-widget elementor-widget-text-editor\" data-id=\"2c51e4b\" data-element_type=\"widget\" data-e-type=\"widget\" data-settings=\"{&quot;_animation&quot;:&quot;fadeInLeft&quot;}\" data-widget_type=\"text-editor.default\">\n\t\t\t\t<div class=\"elementor-widget-container\">\n\t\t\t\t\t\t\t\t\t<p>Vol\u00e1m sa <strong>Peter Kabasta<\/strong>. . Po nieko\u013ek\u00fdch rokoch pr\u00e1ce ako zamestnanec som sa odv\u00e1\u017eil urobi\u0165 krok k samostatnej z\u00e1robkovej \u010dinnosti napriek m\u00f4jmu telesn\u00e9mu postihnutiu.<\/p>\t\t\t\t\t\t\t\t<\/div>\n\t\t\t\t<\/div>\n\t\t\t\t<div class=\"elementor-element elementor-element-e26f5a1 elementor-invisible elementor-widget elementor-widget-heading\" data-id=\"e26f5a1\" data-element_type=\"widget\" data-e-type=\"widget\" data-settings=\"{&quot;_animation&quot;:&quot;fadeInLeft&quot;,&quot;_animation_laptop&quot;:&quot;fadeInLeft&quot;}\" data-widget_type=\"heading.default\">\n\t\t\t\t<div class=\"elementor-widget-container\">\n\t\t\t\t\t<h2 class=\"elementor-heading-title elementor-size-default\">Moja kvalifik\u00e1cie:<\/h2>\t\t\t\t<\/div>\n\t\t\t\t<\/div>\n\t\t\t\t<div class=\"elementor-element elementor-element-c86bc9f elementor-widget__width-initial elementor-hidden-tablet elementor-hidden-mobile_extra elementor-hidden-mobile elementor-invisible elementor-widget elementor-widget-text-editor\" data-id=\"c86bc9f\" data-element_type=\"widget\" data-e-type=\"widget\" data-settings=\"{&quot;_animation&quot;:&quot;fadeInLeft&quot;}\" data-widget_type=\"text-editor.default\">\n\t\t\t\t<div class=\"elementor-widget-container\">\n\t\t\t\t\t\t\t\t\t<ul><li data-list=\"none\">Obchodn\u00e1 akad\u00e9mia pre slu\u017eby a administrat\u00edvu E-profil<\/li><li data-list=\"none\">\u0160tyri roky praxe v fiduci\u00e1rnom sektore<\/li><li data-list=\"none\">Sedemro\u010dn\u00e9 sk\u00fasenosti ako junior v\u00fdkonn\u00fd riadite\u013e<\/li><\/ul>\t\t\t\t\t\t\t\t<\/div>\n\t\t\t\t<\/div>\n\t\t\t\t<div class=\"elementor-element elementor-element-cb1f24e elementor-widget__width-initial elementor-hidden-desktop elementor-hidden-laptop elementor-hidden-tablet_extra elementor-invisible elementor-widget elementor-widget-text-editor\" data-id=\"cb1f24e\" data-element_type=\"widget\" data-e-type=\"widget\" data-settings=\"{&quot;_animation&quot;:&quot;fadeInLeft&quot;}\" data-widget_type=\"text-editor.default\">\n\t\t\t\t<div class=\"elementor-widget-container\">\n\t\t\t\t\t\t\t\t\t<p>Obchodn\u00e1 akad\u00e9mia pre slu\u017eby a administrat\u00edvu E-profil<br \/>\u0160tyri roky praxe v fiduci\u00e1rnom sektore<br \/>Sedemro\u010dn\u00e9 sk\u00fasenosti ako junior v\u00fdkonn\u00fd riadite\u013e<\/p>\t\t\t\t\t\t\t\t<\/div>\n\t\t\t\t<\/div>\n\t\t\t\t<div class=\"elementor-element elementor-element-07b8cf6 elementor-invisible elementor-widget elementor-widget-heading\" data-id=\"07b8cf6\" data-element_type=\"widget\" data-e-type=\"widget\" data-settings=\"{&quot;_animation&quot;:&quot;fadeInLeft&quot;,&quot;_animation_laptop&quot;:&quot;fadeInLeft&quot;}\" data-widget_type=\"heading.default\">\n\t\t\t\t<div class=\"elementor-widget-container\">\n\t\t\t\t\t<h2 class=\"elementor-heading-title elementor-size-default\">Jazyky:<\/h2>\t\t\t\t<\/div>\n\t\t\t\t<\/div>\n\t\t\t\t<div class=\"elementor-element elementor-element-2f0eae1 elementor-widget__width-initial elementor-hidden-tablet elementor-hidden-mobile_extra elementor-hidden-mobile elementor-invisible elementor-widget elementor-widget-text-editor\" data-id=\"2f0eae1\" data-element_type=\"widget\" data-e-type=\"widget\" data-settings=\"{&quot;_animation&quot;:&quot;fadeInLeft&quot;}\" data-widget_type=\"text-editor.default\">\n\t\t\t\t<div class=\"elementor-widget-container\">\n\t\t\t\t\t\t\t\t\t<ul><li>Nem\u010dina<\/li><li>Sloven\u010dina<\/li><\/ul>\t\t\t\t\t\t\t\t<\/div>\n\t\t\t\t<\/div>\n\t\t\t\t<div class=\"elementor-element elementor-element-5b1327f elementor-widget__width-initial elementor-hidden-desktop elementor-hidden-laptop elementor-hidden-tablet_extra elementor-invisible elementor-widget elementor-widget-text-editor\" data-id=\"5b1327f\" data-element_type=\"widget\" data-e-type=\"widget\" data-settings=\"{&quot;_animation&quot;:&quot;fadeInLeft&quot;}\" data-widget_type=\"text-editor.default\">\n\t\t\t\t<div class=\"elementor-widget-container\">\n\t\t\t\t\t\t\t\t\t<p>Nem\u010dina<br \/>Sloven\u010dina<\/p>\t\t\t\t\t\t\t\t<\/div>\n\t\t\t\t<\/div>\n\t\t\t\t<\/div>\n\t\t<div class=\"elementor-element elementor-element-d79a44b e-con-full e-flex elementor-invisible e-con e-child\" data-id=\"d79a44b\" data-element_type=\"container\" data-e-type=\"container\" data-settings=\"{&quot;animation&quot;:&quot;fadeInRight&quot;}\">\n\t\t\t\t<div class=\"elementor-element elementor-element-d9c6a94 elementor-absolute elementor-invisible elementor-widget elementor-widget-image\" data-id=\"d9c6a94\" data-element_type=\"widget\" data-e-type=\"widget\" data-settings=\"{&quot;_position&quot;:&quot;absolute&quot;,&quot;_animation&quot;:&quot;fadeInRight&quot;,&quot;_animation_laptop&quot;:&quot;fadeInRight&quot;}\" data-widget_type=\"image.default\">\n\t\t\t\t<div class=\"elementor-widget-container\">\n\t\t\t\t\t\t\t\t\t\t\t\t\t\t\t<img fetchpriority=\"high\" decoding=\"async\" width=\"928\" height=\"1200\" src=\"https:\/\/kabasta-office.ch\/wp-content\/uploads\/2024\/03\/3096c3b3f940ced95e012dd3cb5154f0.png\" class=\"attachment-full size-full wp-image-1277\" alt=\"\" srcset=\"https:\/\/kabasta-office.ch\/wp-content\/uploads\/2024\/03\/3096c3b3f940ced95e012dd3cb5154f0.png 928w, https:\/\/kabasta-office.ch\/wp-content\/uploads\/2024\/03\/3096c3b3f940ced95e012dd3cb5154f0-232x300.png 232w, https:\/\/kabasta-office.ch\/wp-content\/uploads\/2024\/03\/3096c3b3f940ced95e012dd3cb5154f0-792x1024.png 792w, https:\/\/kabasta-office.ch\/wp-content\/uploads\/2024\/03\/3096c3b3f940ced95e012dd3cb5154f0-768x993.png 768w\" sizes=\"(max-width: 928px) 100vw, 928px\" \/>\t\t\t\t\t\t\t\t\t\t\t\t\t\t\t<\/div>\n\t\t\t\t<\/div>\n\t\t\t\t<div class=\"elementor-element elementor-element-94b60ae elementor-hidden-tablet elementor-hidden-mobile_extra elementor-hidden-mobile elementor-widget elementor-widget-image\" data-id=\"94b60ae\" data-element_type=\"widget\" data-e-type=\"widget\" data-widget_type=\"image.default\">\n\t\t\t\t<div class=\"elementor-widget-container\">\n\t\t\t\t\t\t\t\t\t\t\t\t\t\t\t<img decoding=\"async\" width=\"1400\" height=\"800\" src=\"https:\/\/kabasta-office.ch\/wp-content\/uploads\/2024\/03\/142badfd5a8de17201d85d12c11446d1.jpeg\" class=\"attachment-full size-full wp-image-1267\" alt=\"\" srcset=\"https:\/\/kabasta-office.ch\/wp-content\/uploads\/2024\/03\/142badfd5a8de17201d85d12c11446d1.jpeg 1400w, https:\/\/kabasta-office.ch\/wp-content\/uploads\/2024\/03\/142badfd5a8de17201d85d12c11446d1-300x171.jpeg 300w, https:\/\/kabasta-office.ch\/wp-content\/uploads\/2024\/03\/142badfd5a8de17201d85d12c11446d1-1024x585.jpeg 1024w, https:\/\/kabasta-office.ch\/wp-content\/uploads\/2024\/03\/142badfd5a8de17201d85d12c11446d1-768x439.jpeg 768w\" sizes=\"(max-width: 1400px) 100vw, 1400px\" \/>\t\t\t\t\t\t\t\t\t\t\t\t\t\t\t<\/div>\n\t\t\t\t<\/div>\n\t\t\t\t<\/div>\n\t\t\t\t<\/div>\n\t\t\t\t\t<\/div>\n\t\t\t\t<\/div>\n\t\t<div class=\"elementor-element elementor-element-6546e6e e-flex e-con-boxed e-con e-parent\" data-id=\"6546e6e\" data-element_type=\"container\" data-e-type=\"container\">\n\t\t\t\t\t<div class=\"e-con-inner\">\n\t\t<div class=\"elementor-element elementor-element-4e80209 e-con-full e-flex e-con e-child\" data-id=\"4e80209\" data-element_type=\"container\" data-e-type=\"container\" data-settings=\"{&quot;background_background&quot;:&quot;classic&quot;}\">\n\t\t\t\t<div class=\"elementor-element elementor-element-a7a9e30 elementor-invisible elementor-widget elementor-widget-heading\" data-id=\"a7a9e30\" data-element_type=\"widget\" data-e-type=\"widget\" data-settings=\"{&quot;_animation&quot;:&quot;fadeInUp&quot;}\" data-widget_type=\"heading.default\">\n\t\t\t\t<div class=\"elementor-widget-container\">\n\t\t\t\t\t<h2 class=\"elementor-heading-title elementor-size-default\">proces<\/h2>\t\t\t\t<\/div>\n\t\t\t\t<\/div>\n\t\t\t\t<div class=\"elementor-element elementor-element-a558d3d elementor-widget__width-initial elementor-invisible elementor-widget elementor-widget-heading\" data-id=\"a558d3d\" data-element_type=\"widget\" data-e-type=\"widget\" data-settings=\"{&quot;_animation&quot;:&quot;fadeInUp&quot;}\" data-widget_type=\"heading.default\">\n\t\t\t\t<div class=\"elementor-widget-container\">\n\t\t\t\t\t<h2 class=\"elementor-heading-title elementor-size-default\">nov\u00e9 definovanie hran\u00edc z brilantnos\u0165ou<\/h2>\t\t\t\t<\/div>\n\t\t\t\t<\/div>\n\t\t<div class=\"elementor-element elementor-element-624faec e-con-full e-flex elementor-invisible e-con e-child\" data-id=\"624faec\" data-element_type=\"container\" data-e-type=\"container\" data-settings=\"{&quot;animation&quot;:&quot;fadeInUp&quot;}\">\n\t\t<div class=\"elementor-element elementor-element-b1d82ce e-con-full e-flex e-con e-child\" data-id=\"b1d82ce\" data-element_type=\"container\" data-e-type=\"container\">\n\t\t<div class=\"elementor-element elementor-element-008a31a e-con-full e-flex e-con e-child\" data-id=\"008a31a\" data-element_type=\"container\" data-e-type=\"container\">\n\t\t<div class=\"elementor-element elementor-element-085fd37 e-con-full e-flex e-con e-child\" data-id=\"085fd37\" data-element_type=\"container\" data-e-type=\"container\">\n\t\t\t\t<div class=\"elementor-element elementor-element-87e2ff1 elementor-widget elementor-widget-heading\" data-id=\"87e2ff1\" data-element_type=\"widget\" data-e-type=\"widget\" data-widget_type=\"heading.default\">\n\t\t\t\t<div class=\"elementor-widget-container\">\n\t\t\t\t\t<h2 class=\"elementor-heading-title elementor-size-default\">01.<\/h2>\t\t\t\t<\/div>\n\t\t\t\t<\/div>\n\t\t\t\t<\/div>\n\t\t<div class=\"elementor-element elementor-element-49c0df8 e-con-full elementor-hidden-mobile_extra elementor-hidden-mobile e-flex e-con e-child\" data-id=\"49c0df8\" data-element_type=\"container\" data-e-type=\"container\">\n\t\t\t\t<div class=\"elementor-element elementor-element-186e95a elementor-widget-divider--view-line elementor-widget elementor-widget-divider\" data-id=\"186e95a\" data-element_type=\"widget\" data-e-type=\"widget\" data-widget_type=\"divider.default\">\n\t\t\t\t<div class=\"elementor-widget-container\">\n\t\t\t\t\t\t\t<div class=\"elementor-divider\">\n\t\t\t<span class=\"elementor-divider-separator\">\n\t\t\t\t\t\t<\/span>\n\t\t<\/div>\n\t\t\t\t\t\t<\/div>\n\t\t\t\t<\/div>\n\t\t\t\t<\/div>\n\t\t\t\t<\/div>\n\t\t<div class=\"elementor-element elementor-element-4b8fea3 e-con-full e-flex e-con e-child\" data-id=\"4b8fea3\" data-element_type=\"container\" data-e-type=\"container\">\n\t\t\t\t<div class=\"elementor-element elementor-element-e3882f6 elementor-widget elementor-widget-heading\" data-id=\"e3882f6\" data-element_type=\"widget\" data-e-type=\"widget\" data-widget_type=\"heading.default\">\n\t\t\t\t<div class=\"elementor-widget-container\">\n\t\t\t\t\t<h2 class=\"elementor-heading-title elementor-size-default\">Objavte<\/h2>\t\t\t\t<\/div>\n\t\t\t\t<\/div>\n\t\t\t\t<\/div>\n\t\t\t\t<\/div>\n\t\t<div class=\"elementor-element elementor-element-f1193eb e-con-full e-flex e-con e-child\" data-id=\"f1193eb\" data-element_type=\"container\" data-e-type=\"container\">\n\t\t<div class=\"elementor-element elementor-element-0df5403 e-con-full e-flex e-con e-child\" data-id=\"0df5403\" data-element_type=\"container\" data-e-type=\"container\">\n\t\t<div class=\"elementor-element elementor-element-106921d e-con-full e-flex e-con e-child\" data-id=\"106921d\" data-element_type=\"container\" data-e-type=\"container\">\n\t\t\t\t<div class=\"elementor-element elementor-element-f72939d elementor-widget elementor-widget-heading\" data-id=\"f72939d\" data-element_type=\"widget\" data-e-type=\"widget\" data-widget_type=\"heading.default\">\n\t\t\t\t<div class=\"elementor-widget-container\">\n\t\t\t\t\t<h2 class=\"elementor-heading-title elementor-size-default\">02.<\/h2>\t\t\t\t<\/div>\n\t\t\t\t<\/div>\n\t\t\t\t<\/div>\n\t\t<div class=\"elementor-element elementor-element-6d37df1 e-con-full elementor-hidden-mobile_extra elementor-hidden-mobile e-flex e-con e-child\" data-id=\"6d37df1\" data-element_type=\"container\" data-e-type=\"container\">\n\t\t\t\t<div class=\"elementor-element elementor-element-0cdf472 elementor-widget-divider--view-line elementor-widget elementor-widget-divider\" data-id=\"0cdf472\" data-element_type=\"widget\" data-e-type=\"widget\" data-widget_type=\"divider.default\">\n\t\t\t\t<div class=\"elementor-widget-container\">\n\t\t\t\t\t\t\t<div class=\"elementor-divider\">\n\t\t\t<span class=\"elementor-divider-separator\">\n\t\t\t\t\t\t<\/span>\n\t\t<\/div>\n\t\t\t\t\t\t<\/div>\n\t\t\t\t<\/div>\n\t\t\t\t<\/div>\n\t\t\t\t<\/div>\n\t\t<div class=\"elementor-element elementor-element-8b60ebd e-con-full e-flex e-con e-child\" data-id=\"8b60ebd\" data-element_type=\"container\" data-e-type=\"container\">\n\t\t\t\t<div class=\"elementor-element elementor-element-fe2c9cf elementor-widget elementor-widget-heading\" data-id=\"fe2c9cf\" data-element_type=\"widget\" data-e-type=\"widget\" data-widget_type=\"heading.default\">\n\t\t\t\t<div class=\"elementor-widget-container\">\n\t\t\t\t\t<h2 class=\"elementor-heading-title elementor-size-default\">strategick\u00fa<\/h2>\t\t\t\t<\/div>\n\t\t\t\t<\/div>\n\t\t\t\t<\/div>\n\t\t\t\t<\/div>\n\t\t<div class=\"elementor-element elementor-element-e002012 e-con-full e-flex e-con e-child\" data-id=\"e002012\" data-element_type=\"container\" data-e-type=\"container\">\n\t\t<div class=\"elementor-element elementor-element-1840900 e-flex e-con-boxed e-con e-child\" data-id=\"1840900\" data-element_type=\"container\" data-e-type=\"container\">\n\t\t\t\t\t<div class=\"e-con-inner\">\n\t\t\t\t<div class=\"elementor-element elementor-element-6b4f712 elementor-widget elementor-widget-heading\" data-id=\"6b4f712\" data-element_type=\"widget\" data-e-type=\"widget\" data-widget_type=\"heading.default\">\n\t\t\t\t<div class=\"elementor-widget-container\">\n\t\t\t\t\t<h2 class=\"elementor-heading-title elementor-size-default\">03.<\/h2>\t\t\t\t<\/div>\n\t\t\t\t<\/div>\n\t\t\t\t\t<\/div>\n\t\t\t\t<\/div>\n\t\t<div class=\"elementor-element elementor-element-ab0c05b e-flex e-con-boxed e-con e-child\" data-id=\"ab0c05b\" data-element_type=\"container\" data-e-type=\"container\">\n\t\t\t\t\t<div class=\"e-con-inner\">\n\t\t\t\t<div class=\"elementor-element elementor-element-ef31325 elementor-widget elementor-widget-heading\" data-id=\"ef31325\" data-element_type=\"widget\" data-e-type=\"widget\" data-widget_type=\"heading.default\">\n\t\t\t\t<div class=\"elementor-widget-container\">\n\t\t\t\t\t<h2 class=\"elementor-heading-title elementor-size-default\">realiz\u00e1ciu<\/h2>\t\t\t\t<\/div>\n\t\t\t\t<\/div>\n\t\t\t\t\t<\/div>\n\t\t\t\t<\/div>\n\t\t\t\t<\/div>\n\t\t\t\t<\/div>\n\t\t\t\t<\/div>\n\t\t\t\t\t<\/div>\n\t\t\t\t<\/div>\n\t\t<div class=\"elementor-element elementor-element-198bcf2 e-flex e-con-boxed e-con e-parent\" data-id=\"198bcf2\" data-element_type=\"container\" data-e-type=\"container\" data-settings=\"{&quot;background_background&quot;:&quot;classic&quot;}\">\n\t\t\t\t\t<div class=\"e-con-inner\">\n\t\t<div class=\"elementor-element elementor-element-8d7b674 e-con-full e-flex e-con e-child\" data-id=\"8d7b674\" data-element_type=\"container\" data-e-type=\"container\" data-settings=\"{&quot;background_background&quot;:&quot;classic&quot;}\">\n\t\t<div class=\"elementor-element elementor-element-10d22b0 e-grid e-con-full e-con e-child\" data-id=\"10d22b0\" data-element_type=\"container\" data-e-type=\"container\">\n\t\t<div class=\"elementor-element elementor-element-8e2a842 e-flex e-con-boxed elementor-invisible e-con e-child\" data-id=\"8e2a842\" data-element_type=\"container\" data-e-type=\"container\" data-settings=\"{&quot;animation&quot;:&quot;fadeInLeft&quot;}\">\n\t\t\t\t\t<div class=\"e-con-inner\">\n\t\t\t\t<div class=\"elementor-element elementor-element-3137a35 elementor-widget__width-initial elementor-widget elementor-widget-heading\" data-id=\"3137a35\" data-element_type=\"widget\" data-e-type=\"widget\" data-widget_type=\"heading.default\">\n\t\t\t\t<div class=\"elementor-widget-container\">\n\t\t\t\t\t<h2 class=\"elementor-heading-title elementor-size-default\">Ponuka \u0161irokej \u0161k\u00e1ly slu\u017eieb<\/h2>\t\t\t\t<\/div>\n\t\t\t\t<\/div>\n\t\t\t\t<div class=\"elementor-element elementor-element-7220379 elementor-align-left elementor-mobile_extra-align-center elementor-widget elementor-widget-button\" data-id=\"7220379\" data-element_type=\"widget\" data-e-type=\"widget\" data-widget_type=\"button.default\">\n\t\t\t\t<div class=\"elementor-widget-container\">\n\t\t\t\t\t\t\t\t\t<div class=\"elementor-button-wrapper\">\n\t\t\t\t\t<a class=\"elementor-button elementor-button-link elementor-size-sm\" href=\"https:\/\/kabasta-office.ch\/sk\/dienstleistungen\/\">\n\t\t\t\t\t\t<span class=\"elementor-button-content-wrapper\">\n\t\t\t\t\t\t\t\t\t<span class=\"elementor-button-text\">Slu\u017eby<\/span>\n\t\t\t\t\t<\/span>\n\t\t\t\t\t<\/a>\n\t\t\t\t<\/div>\n\t\t\t\t\t\t\t\t<\/div>\n\t\t\t\t<\/div>\n\t\t\t\t\t<\/div>\n\t\t\t\t<\/div>\n\t\t<div class=\"elementor-element elementor-element-e2a6eb4 e-con-full e-flex elementor-invisible e-con e-child\" data-id=\"e2a6eb4\" data-element_type=\"container\" data-e-type=\"container\" data-settings=\"{&quot;background_background&quot;:&quot;classic&quot;,&quot;animation&quot;:&quot;fadeInRight&quot;,&quot;animation_delay&quot;:300}\">\n\t\t\t\t<div class=\"elementor-element elementor-element-9257300 elementor-widget elementor-widget-heading\" data-id=\"9257300\" data-element_type=\"widget\" data-e-type=\"widget\" data-widget_type=\"heading.default\">\n\t\t\t\t<div class=\"elementor-widget-container\">\n\t\t\t\t\t<h2 class=\"elementor-heading-title elementor-size-default\">\u00da\u010dtovn\u00edctvo<\/h2>\t\t\t\t<\/div>\n\t\t\t\t<\/div>\n\t\t\t\t<\/div>\n\t\t<div class=\"elementor-element elementor-element-f209f90 e-con-full e-flex elementor-invisible e-con e-child\" data-id=\"f209f90\" data-element_type=\"container\" data-e-type=\"container\" data-settings=\"{&quot;background_background&quot;:&quot;classic&quot;,&quot;animation&quot;:&quot;fadeInLeft&quot;,&quot;animation_delay&quot;:600}\">\n\t\t\t\t<div class=\"elementor-element elementor-element-5060fc6 elementor-widget elementor-widget-heading\" data-id=\"5060fc6\" data-element_type=\"widget\" data-e-type=\"widget\" data-widget_type=\"heading.default\">\n\t\t\t\t<div class=\"elementor-widget-container\">\n\t\t\t\t\t<h2 class=\"elementor-heading-title elementor-size-default\">Dane<\/h2>\t\t\t\t<\/div>\n\t\t\t\t<\/div>\n\t\t\t\t<\/div>\n\t\t<div class=\"elementor-element elementor-element-5777c5e e-con-full e-flex elementor-invisible e-con e-child\" data-id=\"5777c5e\" data-element_type=\"container\" data-e-type=\"container\" data-settings=\"{&quot;background_background&quot;:&quot;classic&quot;,&quot;animation&quot;:&quot;fadeInRight&quot;,&quot;animation_delay&quot;:900}\">\n\t\t\t\t<div class=\"elementor-element elementor-element-bde7137 elementor-widget-mobile__width-initial elementor-widget elementor-widget-heading\" data-id=\"bde7137\" data-element_type=\"widget\" data-e-type=\"widget\" data-widget_type=\"heading.default\">\n\t\t\t\t<div class=\"elementor-widget-container\">\n\t\t\t\t\t<h2 class=\"elementor-heading-title elementor-size-default\">Administrat\u00edvne a sekret\u00e1rske pr\u00e1ce<\/h2>\t\t\t\t<\/div>\n\t\t\t\t<\/div>\n\t\t\t\t<\/div>\n\t\t\t\t<\/div>\n\t\t\t\t<\/div>\n\t\t\t\t\t<\/div>\n\t\t\t\t<\/div>\n\t\t\t\t<\/div>","protected":false},"excerpt":{"rendered":"<p>\u00dcber mich \u00dcber mich Suchen Sie einen zuverl\u00e4ssigen Partner? Dann sind Sie bei mir an der richtigen Adresse. Mein Name ist Peter Kabasta. Nach ein paar Jahren meiner T\u00e4tigkeit im Angestelltenverh\u00e4ltnis habe ich trotz meiner k\u00f6rperlichen Beeintr\u00e4chtigung den Schritt in die Selbstst\u00e4ndigkeit gewagt.\u2028 Meine Qualifikationen: Kaufmann f\u00fcr Dienstleistungen und Administration E-Profil mit eidg F\u00e4higkeitszeugnis Vierj\u00e4hrige [&hellip;]<\/p>\n","protected":false},"author":2,"featured_media":0,"parent":0,"menu_order":0,"comment_status":"closed","ping_status":"closed","template":"elementor_header_footer","meta":{"_themeisle_gutenberg_block_has_review":false,"footnotes":""},"class_list":["post-13","page","type-page","status-publish","hentry"],"_links":{"self":[{"href":"https:\/\/kabasta-office.ch\/sk\/wp-json\/wp\/v2\/pages\/13","targetHints":{"allow":["GET"]}}],"collection":[{"href":"https:\/\/kabasta-office.ch\/sk\/wp-json\/wp\/v2\/pages"}],"about":[{"href":"https:\/\/kabasta-office.ch\/sk\/wp-json\/wp\/v2\/types\/page"}],"author":[{"embeddable":true,"href":"https:\/\/kabasta-office.ch\/sk\/wp-json\/wp\/v2\/users\/2"}],"replies":[{"embeddable":true,"href":"https:\/\/kabasta-office.ch\/sk\/wp-json\/wp\/v2\/comments?post=13"}],"version-history":[{"count":159,"href":"https:\/\/kabasta-office.ch\/sk\/wp-json\/wp\/v2\/pages\/13\/revisions"}],"predecessor-version":[{"id":2462,"href":"https:\/\/kabasta-office.ch\/sk\/wp-json\/wp\/v2\/pages\/13\/revisions\/2462"}],"wp:attachment":[{"href":"https:\/\/kabasta-office.ch\/sk\/wp-json\/wp\/v2\/media?parent=13"}],"curies":[{"name":"wp","href":"https:\/\/api.w.org\/{rel}","templated":true}]}}