{"id":17,"date":"2024-03-15T17:16:25","date_gmt":"2024-03-15T17:16:25","guid":{"rendered":"https:\/\/kabasta-office.ch\/?page_id=17"},"modified":"2024-03-24T11:18:59","modified_gmt":"2024-03-24T11:18:59","slug":"impressum","status":"publish","type":"page","link":"https:\/\/kabasta-office.ch\/sk\/impressum\/","title":{"rendered":"Impresum"},"content":{"rendered":"<div data-elementor-type=\"wp-page\" data-elementor-id=\"17\" class=\"elementor elementor-17\" data-elementor-post-type=\"page\">\n\t\t\t\t<div class=\"elementor-element elementor-element-e22d437 e-flex e-con-boxed e-con e-parent\" data-id=\"e22d437\" data-element_type=\"container\" data-e-type=\"container\">\n\t\t\t\t\t<div class=\"e-con-inner\">\n\t\t<div class=\"elementor-element elementor-element-c6e23f4 e-con-full e-flex e-con e-child\" data-id=\"c6e23f4\" data-element_type=\"container\" data-e-type=\"container\">\n\t\t\t\t<div class=\"elementor-element elementor-element-514654e elementor-widget elementor-widget-html\" data-id=\"514654e\" data-element_type=\"widget\" data-e-type=\"widget\" data-widget_type=\"html.default\">\n\t\t\t\t<div class=\"elementor-widget-container\">\n\t\t\t\t\t<div class=\"\" style=\"color: #fff;\"><h1>Impresum<\/h1><h2>Kontaktadresse<\/h2><p>Kabasta-Office<br>Peter Kabasta<br>Eystrasse 75<br>3422 Kirchberg\/BE<br>+41 79 914 93 92<br>info@kabasta-office.ch<\/p><h2>Handelsregistereintrag<\/h2><p>Eingetragener Firmenname: Kabasta-Office<br>Nummer :CHE-471.423.787<\/p><h3>Vertretungsberechtigte Person<\/h3><p>Michaela Kabasta<\/p><h2>Haftungsausschluss<\/h2><p>Der Autor \u00fcbernimmt keinerlei Gew\u00e4hr hinsichtlich der inhaltlichen Richtigkeit, Genauigkeit, Aktualit\u00e4t, Zuverl\u00e4ssigkeit und Vollst\u00e4ndigkeit der Informationen. Haftungsanspr\u00fcche gegen den Autor wegen Sch\u00e4den materieller oder immaterieller Art, welche aus dem Zugriff oder der Nutzung bzw. Nichtnutzung der ver\u00f6ffentlichten Informationen, durch Missbrauch der Verbindung oder durch technische St\u00f6rungen entstanden sind, werden ausgeschlossen. Alle Angebote sind unverbindlich. Der Autor beh\u00e4lt es sich ausdr\u00fccklich vor, Teile der Seiten oder das gesamte Angebot ohne gesonderte Ank\u00fcndigung zu ver\u00e4ndern, zu erg\u00e4nzen, zu l\u00f6schen oder die Ver\u00f6ffentlichung zeitweise oder endg\u00fcltig einzustellen.<\/p><h2>Haftung f\u00fcr Links<\/h2><p>Verweise und Links auf Webseiten Dritter liegen ausserhalb unseres Verantwortungsbereichs. Es wird jegliche Verantwortung f\u00fcr solche Webseiten abgelehnt. Der Zugriff und die Nutzung solcher Webseiten erfolgen auf eigene Gefahr des Nutzers oder der Nutzerin.<\/p><h2>Urheberrechte<\/h2><p>Die Urheber- und alle anderen Rechte an Inhalten, Bildern, Fotos oder anderen Dateien auf der Website geh\u00f6ren ausschliesslich der oben genannten Firma\/Person oder den speziell genannten Rechtsinhabern. F\u00fcr die Reproduktion jeglicher Elemente ist die schriftliche Zustimmung der Urheberrechtstr\u00e4ger im Voraus einzuholen.<\/p><\/div>\t\t\t\t<\/div>\n\t\t\t\t<\/div>\n\t\t\t\t<\/div>\n\t\t\t\t\t<\/div>\n\t\t\t\t<\/div>\n\t\t\t\t<\/div>","protected":false},"excerpt":{"rendered":"<p>Impressum Kontaktadresse Kabasta-OfficePeter KabastaEystrasse 753422 Kirchberg\/BE+41 79 914 93 92info@kabasta-office.ch Handelsregistereintrag Eingetragener Firmenname: Kabasta-OfficeNummer :CHE-471.423.787 Vertretungsberechtigte Person Michaela Kabasta Haftungsausschluss Der Autor \u00fcbernimmt keinerlei Gew\u00e4hr hinsichtlich der inhaltlichen Richtigkeit, Genauigkeit, Aktualit\u00e4t, Zuverl\u00e4ssigkeit und Vollst\u00e4ndigkeit der Informationen. Haftungsanspr\u00fcche gegen den Autor wegen Sch\u00e4den materieller oder immaterieller Art, welche aus dem Zugriff oder der Nutzung bzw. Nichtnutzung [&hellip;]<\/p>\n","protected":false},"author":2,"featured_media":0,"parent":0,"menu_order":0,"comment_status":"closed","ping_status":"closed","template":"elementor_header_footer","meta":{"_themeisle_gutenberg_block_has_review":false,"footnotes":""},"class_list":["post-17","page","type-page","status-publish","hentry"],"_links":{"self":[{"href":"https:\/\/kabasta-office.ch\/sk\/wp-json\/wp\/v2\/pages\/17","targetHints":{"allow":["GET"]}}],"collection":[{"href":"https:\/\/kabasta-office.ch\/sk\/wp-json\/wp\/v2\/pages"}],"about":[{"href":"https:\/\/kabasta-office.ch\/sk\/wp-json\/wp\/v2\/types\/page"}],"author":[{"embeddable":true,"href":"https:\/\/kabasta-office.ch\/sk\/wp-json\/wp\/v2\/users\/2"}],"replies":[{"embeddable":true,"href":"https:\/\/kabasta-office.ch\/sk\/wp-json\/wp\/v2\/comments?post=17"}],"version-history":[{"count":7,"href":"https:\/\/kabasta-office.ch\/sk\/wp-json\/wp\/v2\/pages\/17\/revisions"}],"predecessor-version":[{"id":2072,"href":"https:\/\/kabasta-office.ch\/sk\/wp-json\/wp\/v2\/pages\/17\/revisions\/2072"}],"wp:attachment":[{"href":"https:\/\/kabasta-office.ch\/sk\/wp-json\/wp\/v2\/media?parent=17"}],"curies":[{"name":"wp","href":"https:\/\/api.w.org\/{rel}","templated":true}]}}